{"id":1751,"date":"2020-08-07T12:42:35","date_gmt":"2020-08-07T12:42:35","guid":{"rendered":"http:\/\/wordpress1893812.home.pl\/autoinstalator\/wordpressplus\/?page_id=1751"},"modified":"2022-03-25T22:39:00","modified_gmt":"2022-03-25T22:39:00","slug":"stanowiska-organow","status":"publish","type":"page","link":"https:\/\/dk72-obwodnicabrzezin.pl\/?page_id=1751","title":{"rendered":"Post\u0119p Prac"},"content":{"rendered":"<p><strong><span style=\"font-size: 12pt;\">Obwodnica Brzezin<\/span><\/strong><\/p>\n<p><span style=\"font-size: 12pt;\">Obwodnica Brzezin to realizacja rz\u0105dowego Programu Budowy 100 Obwodnic na lata 2020-2030. Budowa obwodnicy otwiera realn\u0105 szans\u0119 na popraw\u0119 bezpiecze\u0144stwa i wyprowadzenie uci\u0105\u017cliwego ruchu ci\u0119\u017carowego z miasta.<\/span><\/p>\n<p><span style=\"font-size: 12pt;\"><strong>Co to oznacza dla mieszka\u0144c\u00f3w miasta, gmin s\u0105siaduj\u0105cych i powiatu?<\/strong><o:p><\/o:p><\/span><\/p>\n<p><span style=\"font-size: 12pt;\">Aby wybudowana zosta\u0142a droga musi zosta\u0107 wykonany projekt w tradycyjnej papierowej formie. Projekt potem musi uzyska\u0107 zatwierdzaj\u0105c\u0105 go decyzj\u0119 administracyjn\u0105 i ruszy rzeczywista budowa drogi. Najpierw jednak musz\u0105 by\u0107 wykonane 3 du\u017ce kroki poprzedzaj\u0105ce:<o:p><\/o:p><\/span><\/p>\n<ol>\n<li><span style=\"font-size: 12pt;\">Studium Korytarzowe<span style=\"font-size: 10pt;\"> <em>(wyb\u00f3r wst\u0119pnych korytarzy drogowych)<\/em><\/span><\/span><\/li>\n<li><span style=\"font-size: 12pt;\">Studium Techniczno-Ekonomiczno-\u015arodowiskowe z elementami Koncepcji Programowej (STE\u015a-R) &#8211; Etap I <span style=\"font-size: 10pt;\"><em>(uszczeg\u00f3\u0142owienie rozwi\u0105za\u0144 i wyb\u00f3r jednego wariantu)<\/em><\/span><\/span><\/li>\n<li><span style=\"font-size: 12pt;\">Studium Techniczno-Ekonomiczno-\u015arodowiskowe z elementami Koncepcji Programowej (STE\u015a-R) &#8211; Etap II <em><span style=\"font-size: 10pt;\">(dalsze uszczeg\u00f3\u0142owienie wybranego wariantu)<\/span><\/em><\/span><\/li>\n<\/ol>\n<p><span style=\"font-size: 12pt;\">Firma Multiconsult Polska na zlecenie Generalnej Dyrekcji Dr\u00f3g Krajowych i Autostrad wykonuje opracowanie w ramach tych 3 powy\u017cszych krok\u00f3w.<\/span><\/p>\n<p><span style=\"font-size: 12pt;\">Po wykonaniu 3 powy\u017cszych krok\u00f3w nast\u0119puje faza projektu, uzyskania pozwolenia na budow\u0119 i rzeczywista budowa obwodnicy.<\/span><\/p>\n<p><span style=\"font-size: 12pt;\"><strong>Post\u0119p prac<\/strong><\/span><\/p>\n<p style=\"text-align: left;\"><span style=\"font-size: 12pt;\">Inwestycja jest obecnie na etapie Studium Techniczno-Ekonomiczno-\u015arodowiskowego (Etap I).<\/span><\/p>\n<hr \/>\n<p>&nbsp;<\/p>\n","protected":false},"excerpt":{"rendered":"<p>Obwodnica Brzezin Obwodnica Brzezin to realizacja rz\u0105dowego Programu Budowy 100 Obwodnic na lata 2020-2030. Budowa obwodnicy otwiera realn\u0105 szans\u0119 na popraw\u0119 bezpiecze\u0144stwa i wyprowadzenie uci\u0105\u017cliwego ruchu ci\u0119\u017carowego z miasta. Co to oznacza dla mieszka\u0144c\u00f3w miasta, gmin s\u0105siaduj\u0105cych i powiatu? Aby wybudowana zosta\u0142a droga musi zosta\u0107 wykonany projekt w tradycyjnej papierowej<a class=\"moretag\" href=\"https:\/\/dk72-obwodnicabrzezin.pl\/?page_id=1751\"> Czytaj dalej<\/a><\/p>\n","protected":false},"author":3,"featured_media":2778,"parent":0,"menu_order":0,"comment_status":"closed","ping_status":"closed","template":"","meta":[],"_links":{"self":[{"href":"https:\/\/dk72-obwodnicabrzezin.pl\/index.php?rest_route=\/wp\/v2\/pages\/1751"}],"collection":[{"href":"https:\/\/dk72-obwodnicabrzezin.pl\/index.php?rest_route=\/wp\/v2\/pages"}],"about":[{"href":"https:\/\/dk72-obwodnicabrzezin.pl\/index.php?rest_route=\/wp\/v2\/types\/page"}],"author":[{"embeddable":true,"href":"https:\/\/dk72-obwodnicabrzezin.pl\/index.php?rest_route=\/wp\/v2\/users\/3"}],"replies":[{"embeddable":true,"href":"https:\/\/dk72-obwodnicabrzezin.pl\/index.php?rest_route=%2Fwp%2Fv2%2Fcomments&post=1751"}],"version-history":[{"count":51,"href":"https:\/\/dk72-obwodnicabrzezin.pl\/index.php?rest_route=\/wp\/v2\/pages\/1751\/revisions"}],"predecessor-version":[{"id":2849,"href":"https:\/\/dk72-obwodnicabrzezin.pl\/index.php?rest_route=\/wp\/v2\/pages\/1751\/revisions\/2849"}],"wp:featuredmedia":[{"embeddable":true,"href":"https:\/\/dk72-obwodnicabrzezin.pl\/index.php?rest_route=\/wp\/v2\/media\/2778"}],"wp:attachment":[{"href":"https:\/\/dk72-obwodnicabrzezin.pl\/index.php?rest_route=%2Fwp%2Fv2%2Fmedia&parent=1751"}],"curies":[{"name":"wp","href":"https:\/\/api.w.org\/{rel}","templated":true}]}}